{"id":1298,"date":"2021-02-01T17:54:07","date_gmt":"2021-02-01T16:54:07","guid":{"rendered":"https:\/\/new.oasiswildlifefuerteventura.com\/green-companies\/"},"modified":"2024-02-03T12:33:19","modified_gmt":"2024-02-03T12:33:19","slug":"green-companies","status":"publish","type":"page","link":"https:\/\/oasiswildlifefuerteventura.com\/en\/green-companies\/","title":{"rendered":"Green companies"},"content":{"rendered":"<p>[et_pb_section fb_built=&#8221;1&#8243; _builder_version=&#8221;4.16&#8243; _module_preset=&#8221;default&#8221; background_image=&#8221;https:\/\/oasiswildlifefuerteventura.com\/wp-content\/uploads\/2021\/02\/header_38-scaled.jpg&#8221; z_index=&#8221;20&#8243; custom_padding=&#8221;230px||90px||false|false&#8221; bottom_divider_style=&#8221;wave&#8221; bottom_divider_color=&#8221;#FFFFFF&#8221; bottom_divider_height=&#8221;30px&#8221; global_colors_info=&#8221;{}&#8221;][et_pb_row _builder_version=&#8221;4.16&#8243; _module_preset=&#8221;default&#8221; custom_margin=&#8221;|auto|2px|auto||&#8221; global_colors_info=&#8221;{}&#8221;][et_pb_column type=&#8221;4_4&#8243; _builder_version=&#8221;4.16&#8243; _module_preset=&#8221;default&#8221; global_colors_info=&#8221;{}&#8221;][et_pb_text _builder_version=&#8221;4.16&#8243; _module_preset=&#8221;default&#8221; text_text_color=&#8221;#ffffff&#8221; header_font=&#8221;Mikado Bold||||||||&#8221; header_text_align=&#8221;left&#8221; header_text_color=&#8221;#ffffff&#8221; header_font_size=&#8221;50px&#8221; header_3_text_color=&#8221;#ffffff&#8221; custom_margin=&#8221;||8px|||&#8221; global_colors_info=&#8221;{}&#8221;]<\/p>\n<h1>Green companies<\/h1>\n<p>[\/et_pb_text][et_pb_text _builder_version=&#8221;4.17.4&#8243; _module_preset=&#8221;c6146aa3-2b1b-4fd1-a9a9-6b542440129d&#8221; header_3_text_color=&#8221;#ffffff&#8221; max_width_tablet=&#8221;&#8221; max_width_phone=&#8221;100%&#8221; max_width_last_edited=&#8221;on|phone&#8221; custom_margin=&#8221;||8px|||&#8221; global_colors_info=&#8221;{}&#8221;]<\/p>\n<h2>Inspire your teams, save species and support the community.<\/h2>\n<h3>If you are a company with a high social and environmental commitment, our projects and our mission as a zoo must be part of your strategy. We invite you to find out more about the projects we run and to work with us. Together we will become stronger!<\/h3>\n<p>[\/et_pb_text][\/et_pb_column][\/et_pb_row][\/et_pb_section][et_pb_section fb_built=&#8221;1&#8243; next_background_color=&#8221;#faf6ed&#8221; _builder_version=&#8221;4.16&#8243; _module_preset=&#8221;default&#8221; bottom_divider_style=&#8221;wave&#8221; bottom_divider_height=&#8221;30px&#8221; global_colors_info=&#8221;{}&#8221;][et_pb_row _builder_version=&#8221;4.16&#8243; _module_preset=&#8221;default&#8221; global_colors_info=&#8221;{}&#8221;][et_pb_column type=&#8221;4_4&#8243; _builder_version=&#8221;4.16&#8243; _module_preset=&#8221;default&#8221; global_colors_info=&#8221;{}&#8221;][et_pb_text _builder_version=&#8221;4.16&#8243; _module_preset=&#8221;default&#8221; text_font=&#8221;Mikado Bold||||||||&#8221; text_text_color=&#8221;#004450&#8243; text_font_size=&#8221;29px&#8221; text_orientation=&#8221;center&#8221; global_colors_info=&#8221;{}&#8221;]<\/p>\n<p>Protege la vida salvaje y ayuda a prevenir la extinci\u00f3n con nuestros programas:<\/p>\n<p>[\/et_pb_text][bsf_advanced_tabs tab_padding=&#8221;7px|15px|7px|15px|true|true&#8221; active_tab_background_color=&#8221;#b62822&#8243; nav_background_color=&#8221;rgba(0,0,0,0)&#8221; tabs_width=&#8221;auto&#8221; tab_gutter=&#8221;12&#8243; content_padding=&#8221;40px||||false|false&#8221; _builder_version=&#8221;4.17.4&#8243; _module_preset=&#8221;default&#8221; inactive_tab_text_color=&#8221;#b62822&#8243; inactive_tab_font_size=&#8221;12px&#8221; active_tab_text_color=&#8221;#faf6ed&#8221; active_tab_font_size=&#8221;12px&#8221; custom_css_main_element=&#8221;border-style: solid !important;&#8221; border_radii_tabs=&#8221;on|5px|5px|5px|5px&#8221; border_width_all_tabs=&#8221;2px&#8221; border_color_all_tabs=&#8221;#b62822&#8243; border_width_all_tabs_last_edited=&#8221;off|desktop&#8221; global_colors_info=&#8221;{}&#8221; border_radii_tabs__hover_enabled=&#8221;off|hover&#8221; border_radii_tabs__hover=&#8221;on|61px|61px|61px|61px&#8221;][bsf_advanced_tab bsf_title=&#8221;DONACIONES&#8221; _builder_version=&#8221;4.17.4&#8243; _module_preset=&#8221;default&#8221; text_line_height=&#8221;1.6em&#8221; header_level=&#8221;h3&#8243; header_text_color=&#8221;#00accc&#8221; header_font_size=&#8221;20px&#8221; global_colors_info=&#8221;{}&#8221;][et_pb_row column_structure=\"1_2,1_2\" _builder_version=\"4.17.4\" background_size=\"initial\" background_position=\"top_left\" background_repeat=\"repeat\" hover_enabled=\"0\" template_type=\"row\" global_colors_info=\"{}\" width=\"100%\" max_width=\"100%\" sticky_enabled=\"0\"][et_pb_column type=\"1_2\" _builder_version=\"4.17.4\" _module_preset=\"default\" global_colors_info=\"{}\"][et_pb_image src=\"https:\/\/oasiswildlifefuerteventura.com\/wp-content\/uploads\/2021\/02\/xempresas-foto.png.pagespeed.ic_.Zt1ym3HehF.webp\" _builder_version=\"4.17.4\" _module_preset=\"default\" global_colors_info=\"{}\"][\/et_pb_image][\/et_pb_column][et_pb_column type=\"1_2\" _builder_version=\"4.17.4\" _module_preset=\"default\" global_colors_info=\"{}\"][et_pb_text _builder_version=\"4.17.4\" _module_preset=\"default\" global_colors_info=\"{}\"]<p>Las donaciones corporativas reflejan el compromiso de tu empresa en materia de protecci\u00f3n medio ambiental adem\u00e1s de contar con importantes beneficios, que puedes consultar en nuestra Fundaci\u00f3n Chekipa a trav\u00e9s del mail\u00a0direccion@fundacionchekipa.org<\/p>\n<p>Tu compa\u00f1\u00eda debe liderar el cambio necesario en la protecci\u00f3n del planeta, colaborando en nuestros proyectos de conservaci\u00f3n, como parte de sus acciones de RSC (Responsabilidad Social\u00a0Corporativa).<\/p>\n<p>\u00bfHablamos? Contacta con nuestro departamento comercial\u00a0aqu\u00ed.<\/p>[\/et_pb_text][\/et_pb_column][\/et_pb_row][\/bsf_advanced_tab][bsf_advanced_tab bsf_title=&#8221;ESP\u00d3NSOR&#8221; _builder_version=&#8221;4.17.4&#8243; _module_preset=&#8221;default&#8221; text_line_height=&#8221;1.6em&#8221; header_level=&#8221;h3&#8243; header_text_color=&#8221;#00accc&#8221; header_font_size=&#8221;20px&#8221; global_colors_info=&#8221;{}&#8221;][et_pb_row column_structure=\"1_2,1_2\" _builder_version=\"4.17.4\" background_size=\"initial\" background_position=\"top_left\" background_repeat=\"repeat\" hover_enabled=\"0\" template_type=\"row\" global_colors_info=\"{}\" width=\"100%\" max_width=\"100%\" sticky_enabled=\"0\"][et_pb_column type=\"1_2\" _builder_version=\"4.17.4\" _module_preset=\"default\" global_colors_info=\"{}\"][et_pb_image src=\"https:\/\/oasiswildlifefuerteventura.com\/wp-content\/uploads\/2021\/02\/xempresas-foto.png.pagespeed.ic_.Zt1ym3HehF.webp\" _builder_version=\"4.17.4\" _module_preset=\"default\" locked=\"off\" global_colors_info=\"{}\"][\/et_pb_image][\/et_pb_column][et_pb_column type=\"1_2\" _builder_version=\"4.17.4\" _module_preset=\"default\" global_colors_info=\"{}\"][et_pb_text _builder_version=\"4.17.4\" _module_preset=\"default\" locked=\"off\" global_colors_info=\"{}\"]<p>Nuestro departamento de Marketing te ayudar\u00e1 a encontrar las oportunidades de patrocinio que vayan en l\u00ednea con las necesidades de tu empresa, para reforzar tu marca mientras nos apoyas en nuestra importante\u00a0misi\u00f3n.<\/p>\n<ul>\n<li>Incluye tu marca en las promociones de nuestro zoo<\/li>\n<li>Convi\u00e9rtete en el patrocinador principal de los eventos solidarios y responsables que realizamos<\/li>\n<\/ul>\n<p>Colabora con el ocio con causa, una nueva forma de ayudar a la naturaleza mientras los visitantes se divierten. Para ver todas las posibilidades que te ofrece el patrocinio corporativo, consulta con\u00a0marketing@oasiswildlifefuerteventura.com<\/p>[\/et_pb_text][\/et_pb_column][\/et_pb_row][\/bsf_advanced_tab][bsf_advanced_tab bsf_title=&#8221;EVENTOS&#8221; _builder_version=&#8221;4.17.4&#8243; _module_preset=&#8221;default&#8221; text_line_height=&#8221;1.6em&#8221; header_level=&#8221;h3&#8243; header_text_color=&#8221;#00accc&#8221; header_font_size=&#8221;20px&#8221; global_colors_info=&#8221;{}&#8221;][et_pb_row column_structure=\"1_2,1_2\" _builder_version=\"4.17.4\" background_size=\"initial\" background_position=\"top_left\" background_repeat=\"repeat\" hover_enabled=\"0\" template_type=\"row\" global_colors_info=\"{}\" width=\"100%\" max_width=\"100%\" sticky_enabled=\"0\"][et_pb_column type=\"1_2\" _builder_version=\"4.17.4\" _module_preset=\"default\" global_colors_info=\"{}\"][et_pb_image src=\"https:\/\/oasiswildlifefuerteventura.com\/wp-content\/uploads\/2021\/02\/xempresas-foto.png.pagespeed.ic_.Zt1ym3HehF.webp\" _builder_version=\"4.17.4\" _module_preset=\"default\" locked=\"off\" global_colors_info=\"{}\"][\/et_pb_image][\/et_pb_column][et_pb_column type=\"1_2\" _builder_version=\"4.17.4\" _module_preset=\"default\" global_colors_info=\"{}\"][et_pb_text _builder_version=\"4.17.4\" _module_preset=\"default\" locked=\"off\" global_colors_info=\"{}\"]<p>Trabajar al aire libre o pasar un d\u00eda fortaleciendo los lazos en tus equipos, es posible en nuestro Oasis. Te ofrecemos la oportunidad de celebrar tus encuentros corporativos o team building con\u00a0nosotros.<\/p>\n<p>Realizamos programas de un d\u00eda o de varias jornadas, seg\u00fan tus necesidades. Disponemos de un espacio de alojamiento en el coraz\u00f3n de este Oasis para tus equipos. Adem\u00e1s, contamos con salas para reuniones y actividades en la\u00a0naturaleza.<\/p>\n<p>Tambi\u00e9n disponemos de proyectos de voluntariado para tus empleados, que les har\u00e1n descubrir que hay otra forma de hacer las cosas, y les volver\u00e1 a conectar con la naturaleza. \u00bfQuieres saber m\u00e1s? Contacta con\u00a0comercial@oasiswildlifefuerteventura.com<\/p>[\/et_pb_text][\/et_pb_column][\/et_pb_row][\/bsf_advanced_tab][bsf_advanced_tab bsf_title=&#8221;DESCUENTOS&#8221; _builder_version=&#8221;4.17.4&#8243; _module_preset=&#8221;default&#8221; text_line_height=&#8221;1.6em&#8221; header_level=&#8221;h3&#8243; header_text_color=&#8221;#00accc&#8221; header_font_size=&#8221;20px&#8221; global_colors_info=&#8221;{}&#8221;][et_pb_row column_structure=\"1_2,1_2\" _builder_version=\"4.17.4\" background_size=\"initial\" background_position=\"top_left\" background_repeat=\"repeat\" hover_enabled=\"0\" template_type=\"row\" global_colors_info=\"{}\" width=\"100%\" max_width=\"100%\" sticky_enabled=\"0\"][et_pb_column type=\"1_2\" _builder_version=\"4.17.4\" _module_preset=\"default\" global_colors_info=\"{}\"][et_pb_image src=\"https:\/\/oasiswildlifefuerteventura.com\/wp-content\/uploads\/2021\/02\/xempresas-foto.png.pagespeed.ic_.Zt1ym3HehF.webp\" _builder_version=\"4.17.4\" _module_preset=\"default\" locked=\"off\" global_colors_info=\"{}\"][\/et_pb_image][\/et_pb_column][et_pb_column type=\"1_2\" _builder_version=\"4.17.4\" _module_preset=\"default\" global_colors_info=\"{}\"][et_pb_text _builder_version=\"4.17.4\" _module_preset=\"default\" locked=\"off\" global_colors_info=\"{}\"]<p>Las empresas con m\u00e1s de 100 empleados y que sean donantes de Oasis Wildlife, pueden recibir descuentos de grupo para la visita a nuestro centro durante todo el\u00a0a\u00f1o.<\/p>\n<p>Con esta colaboraci\u00f3n puedes proporcionar a los empleados de tu empresa un beneficio adicional, momentos de diversi\u00f3n y un ocio responsable, en el que aprender\u00e1n a cuidar lo m\u00e1s importante que tenemos, nuestra\u00a0biodiversidad.<\/p>[\/et_pb_text][\/et_pb_column][\/et_pb_row][\/bsf_advanced_tab][\/bsf_advanced_tabs][\/et_pb_column][\/et_pb_row][\/et_pb_section][et_pb_section fb_built=&#8221;1&#8243; _builder_version=&#8221;4.16&#8243; _module_preset=&#8221;default&#8221; background_color=&#8221;#faf6ed&#8221; global_colors_info=&#8221;{}&#8221;][et_pb_row column_structure=&#8221;3_5,2_5&#8243; make_equal=&#8221;on&#8221; _builder_version=&#8221;4.16&#8243; _module_preset=&#8221;default&#8221; global_colors_info=&#8221;{}&#8221;][et_pb_column type=&#8221;3_5&#8243; _builder_version=&#8221;4.16&#8243; _module_preset=&#8221;default&#8221; custom_css_main_element=&#8221;margin:auto;&#8221; global_colors_info=&#8221;{}&#8221;][et_pb_image src=&#8221;https:\/\/oasiswildlifefuerteventura.com\/wp-content\/uploads\/2021\/02\/xacomer.png.pagespeed.ic_.HmSRhBDDs7.webp&#8221; url=&#8221;@ET-DC@eyJkeW5hbWljIjp0cnVlLCJjb250ZW50IjoicG9zdF9saW5rX3VybF9wYWdlIiwic2V0dGluZ3MiOnsicG9zdF9pZCI6IjY1MSJ9fQ==@&#8221; _builder_version=&#8221;4.16&#8243; _dynamic_attributes=&#8221;url&#8221; _module_preset=&#8221;default&#8221; global_colors_info=&#8221;{}&#8221;][\/et_pb_image][\/et_pb_column][et_pb_column type=&#8221;2_5&#8243; _builder_version=&#8221;4.16&#8243; _module_preset=&#8221;default&#8221; global_colors_info=&#8221;{}&#8221;][et_pb_image src=&#8221;https:\/\/oasiswildlifefuerteventura.com\/wp-content\/uploads\/2024\/02\/entradas-online-en-1.png&#8221; url=&#8221;@ET-DC@eyJkeW5hbWljIjp0cnVlLCJjb250ZW50IjoicG9zdF9saW5rX3VybF9wYWdlIiwic2V0dGluZ3MiOnsicG9zdF9pZCI6IjIxNzUifX0=@&#8221; _builder_version=&#8221;4.16&#8243; _dynamic_attributes=&#8221;url&#8221; _module_preset=&#8221;default&#8221; global_colors_info=&#8221;{}&#8221;][\/et_pb_image][\/et_pb_column][\/et_pb_row][\/et_pb_section]<\/p>\n","protected":false},"excerpt":{"rendered":"<p>Green companiesInspire your teams, save species and support the community. If you are a company with a high social and environmental commitment, our projects and our mission as a zoo must be part of your strategy. We invite you to find out more about the projects we run and to work with us. Together we [&hellip;]<\/p>\n","protected":false},"author":1,"featured_media":0,"parent":0,"menu_order":0,"comment_status":"closed","ping_status":"closed","template":"","meta":{"_et_pb_use_builder":"on","_et_pb_old_content":"","_et_gb_content_width":"","inline_featured_image":false},"yoast_head":"<!-- This site is optimized with the Yoast SEO plugin v20.7 - https:\/\/yoast.com\/wordpress\/plugins\/seo\/ -->\n<title>Green companies - Oasis Wildlife Fuerteventura<\/title>\n<meta name=\"robots\" content=\"index, follow, max-snippet:-1, max-image-preview:large, max-video-preview:-1\" \/>\n<link rel=\"canonical\" href=\"https:\/\/oasiswildlifefuerteventura.com\/en\/green-companies\/\" \/>\n<meta property=\"og:locale\" content=\"en_US\" \/>\n<meta property=\"og:type\" content=\"article\" \/>\n<meta property=\"og:title\" content=\"Green companies - Oasis Wildlife Fuerteventura\" \/>\n<meta property=\"og:url\" content=\"https:\/\/oasiswildlifefuerteventura.com\/en\/green-companies\/\" \/>\n<meta property=\"og:site_name\" content=\"Oasis Wildlife Fuerteventura\" \/>\n<meta property=\"article:modified_time\" content=\"2024-02-03T12:33:19+00:00\" \/>\n<meta name=\"twitter:card\" content=\"summary_large_image\" \/>\n<meta name=\"twitter:label1\" content=\"Est. reading time\" \/>\n\t<meta name=\"twitter:data1\" content=\"4 minutes\" \/>\n<script type=\"application\/ld+json\" class=\"yoast-schema-graph\">{\"@context\":\"https:\/\/schema.org\",\"@graph\":[{\"@type\":\"WebPage\",\"@id\":\"https:\/\/oasiswildlifefuerteventura.com\/en\/green-companies\/\",\"url\":\"https:\/\/oasiswildlifefuerteventura.com\/en\/green-companies\/\",\"name\":\"Green companies - Oasis Wildlife Fuerteventura\",\"isPartOf\":{\"@id\":\"https:\/\/oasiswildlifefuerteventura.com\/en\/#website\"},\"datePublished\":\"2021-02-01T16:54:07+00:00\",\"dateModified\":\"2024-02-03T12:33:19+00:00\",\"breadcrumb\":{\"@id\":\"https:\/\/oasiswildlifefuerteventura.com\/en\/green-companies\/#breadcrumb\"},\"inLanguage\":\"en-US\",\"potentialAction\":[{\"@type\":\"ReadAction\",\"target\":[\"https:\/\/oasiswildlifefuerteventura.com\/en\/green-companies\/\"]}]},{\"@type\":\"BreadcrumbList\",\"@id\":\"https:\/\/oasiswildlifefuerteventura.com\/en\/green-companies\/#breadcrumb\",\"itemListElement\":[{\"@type\":\"ListItem\",\"position\":1,\"name\":\"Home\",\"item\":\"https:\/\/oasiswildlifefuerteventura.com\/en\/\"},{\"@type\":\"ListItem\",\"position\":2,\"name\":\"Green companies\"}]},{\"@type\":\"WebSite\",\"@id\":\"https:\/\/oasiswildlifefuerteventura.com\/en\/#website\",\"url\":\"https:\/\/oasiswildlifefuerteventura.com\/en\/\",\"name\":\"Oasis Wildlife Fuerteventura\",\"description\":\"Oasis Wildlife Fuerteventura\",\"potentialAction\":[{\"@type\":\"SearchAction\",\"target\":{\"@type\":\"EntryPoint\",\"urlTemplate\":\"https:\/\/oasiswildlifefuerteventura.com\/en\/?s={search_term_string}\"},\"query-input\":\"required name=search_term_string\"}],\"inLanguage\":\"en-US\"}]}<\/script>\n<!-- \/ Yoast SEO plugin. -->","yoast_head_json":{"title":"Green companies - Oasis Wildlife Fuerteventura","robots":{"index":"index","follow":"follow","max-snippet":"max-snippet:-1","max-image-preview":"max-image-preview:large","max-video-preview":"max-video-preview:-1"},"canonical":"https:\/\/oasiswildlifefuerteventura.com\/en\/green-companies\/","og_locale":"en_US","og_type":"article","og_title":"Green companies - Oasis Wildlife Fuerteventura","og_url":"https:\/\/oasiswildlifefuerteventura.com\/en\/green-companies\/","og_site_name":"Oasis Wildlife Fuerteventura","article_modified_time":"2024-02-03T12:33:19+00:00","twitter_card":"summary_large_image","twitter_misc":{"Est. reading time":"4 minutes"},"schema":{"@context":"https:\/\/schema.org","@graph":[{"@type":"WebPage","@id":"https:\/\/oasiswildlifefuerteventura.com\/en\/green-companies\/","url":"https:\/\/oasiswildlifefuerteventura.com\/en\/green-companies\/","name":"Green companies - Oasis Wildlife Fuerteventura","isPartOf":{"@id":"https:\/\/oasiswildlifefuerteventura.com\/en\/#website"},"datePublished":"2021-02-01T16:54:07+00:00","dateModified":"2024-02-03T12:33:19+00:00","breadcrumb":{"@id":"https:\/\/oasiswildlifefuerteventura.com\/en\/green-companies\/#breadcrumb"},"inLanguage":"en-US","potentialAction":[{"@type":"ReadAction","target":["https:\/\/oasiswildlifefuerteventura.com\/en\/green-companies\/"]}]},{"@type":"BreadcrumbList","@id":"https:\/\/oasiswildlifefuerteventura.com\/en\/green-companies\/#breadcrumb","itemListElement":[{"@type":"ListItem","position":1,"name":"Home","item":"https:\/\/oasiswildlifefuerteventura.com\/en\/"},{"@type":"ListItem","position":2,"name":"Green companies"}]},{"@type":"WebSite","@id":"https:\/\/oasiswildlifefuerteventura.com\/en\/#website","url":"https:\/\/oasiswildlifefuerteventura.com\/en\/","name":"Oasis Wildlife Fuerteventura","description":"Oasis Wildlife Fuerteventura","potentialAction":[{"@type":"SearchAction","target":{"@type":"EntryPoint","urlTemplate":"https:\/\/oasiswildlifefuerteventura.com\/en\/?s={search_term_string}"},"query-input":"required name=search_term_string"}],"inLanguage":"en-US"}]}},"_links":{"self":[{"href":"https:\/\/oasiswildlifefuerteventura.com\/en\/wp-json\/wp\/v2\/pages\/1298"}],"collection":[{"href":"https:\/\/oasiswildlifefuerteventura.com\/en\/wp-json\/wp\/v2\/pages"}],"about":[{"href":"https:\/\/oasiswildlifefuerteventura.com\/en\/wp-json\/wp\/v2\/types\/page"}],"author":[{"embeddable":true,"href":"https:\/\/oasiswildlifefuerteventura.com\/en\/wp-json\/wp\/v2\/users\/1"}],"replies":[{"embeddable":true,"href":"https:\/\/oasiswildlifefuerteventura.com\/en\/wp-json\/wp\/v2\/comments?post=1298"}],"version-history":[{"count":4,"href":"https:\/\/oasiswildlifefuerteventura.com\/en\/wp-json\/wp\/v2\/pages\/1298\/revisions"}],"predecessor-version":[{"id":50814,"href":"https:\/\/oasiswildlifefuerteventura.com\/en\/wp-json\/wp\/v2\/pages\/1298\/revisions\/50814"}],"wp:attachment":[{"href":"https:\/\/oasiswildlifefuerteventura.com\/en\/wp-json\/wp\/v2\/media?parent=1298"}],"curies":[{"name":"wp","href":"https:\/\/api.w.org\/{rel}","templated":true}]}}