{"id":1342,"date":"2021-02-01T18:21:29","date_gmt":"2021-02-01T17:21:29","guid":{"rendered":"https:\/\/new.oasiswildlifefuerteventura.com\/wie-hinkommen\/"},"modified":"2024-01-20T11:32:29","modified_gmt":"2024-01-20T11:32:29","slug":"wie-hinkommen","status":"publish","type":"page","link":"https:\/\/oasiswildlifefuerteventura.com\/de\/wie-hinkommen\/","title":{"rendered":"Wie hinkommen"},"content":{"rendered":"<p>[et_pb_section fb_built=&#8220;1&#8243; next_background_color=&#8220;#faf6ed&#8220; _builder_version=&#8220;4.16&#8243; _module_preset=&#8220;default&#8220; background_image=&#8220;https:\/\/oasiswildlifefuerteventura.com\/wp-content\/uploads\/2021\/01\/header_14.jpg&#8220; custom_padding=&#8220;230px||90px||false|false&#8220; bottom_divider_style=&#8220;wave&#8220; bottom_divider_height=&#8220;30px&#8220; global_colors_info=&#8220;{}&#8220;][et_pb_row _builder_version=&#8220;4.16&#8243; _module_preset=&#8220;default&#8220; global_colors_info=&#8220;{}&#8220;][et_pb_column type=&#8220;4_4&#8243; _builder_version=&#8220;4.16&#8243; _module_preset=&#8220;default&#8220; global_colors_info=&#8220;{}&#8220;][et_pb_text _builder_version=&#8220;4.16&#8243; _module_preset=&#8220;default&#8220; header_font=&#8220;Mikado Bold||||||||&#8220; header_text_align=&#8220;left&#8220; header_text_color=&#8220;#ffffff&#8220; header_font_size=&#8220;50px&#8220; global_colors_info=&#8220;{}&#8220;]<\/p>\n<h1>Wie hinkommen<\/h1>\n<p>[\/et_pb_text][\/et_pb_column][\/et_pb_row][\/et_pb_section][et_pb_section fb_built=&#8220;1&#8243; custom_padding_last_edited=&#8220;off|desktop&#8220; _builder_version=&#8220;4.16&#8243; _module_preset=&#8220;default&#8220; background_color=&#8220;#faf6ed&#8220; background_image=&#8220;https:\/\/oasiswildlifefuerteventura.com\/wp-content\/uploads\/2021\/01\/xback2.png.pagespeed.ic_.B0zUbbSHXq-900.png&#8220; background_size=&#8220;initial&#8220; background_position=&#8220;top_right&#8220; background_blend=&#8220;overlay&#8220; custom_padding=&#8220;90px||||false|false&#8220; custom_padding_phone=&#8220;450px||||false|false&#8220; global_colors_info=&#8220;{}&#8220;][et_pb_row column_structure=&#8220;1_4,1_4,1_4,1_4&#8243; use_custom_gutter=&#8220;on&#8220; gutter_width=&#8220;2&#8243; module_class=&#8220;  pac_drh_phone_col_one&#8220; _builder_version=&#8220;4.16&#8243; _module_preset=&#8220;default&#8220; max_width=&#8220;1250px&#8220; pac_drh_column_numbers_phone=&#8220;pac_drh_phone_col_one&#8220; global_colors_info=&#8220;{}&#8220; gutter_width__hover_enabled=&#8220;off|desktop&#8220;][et_pb_column type=&#8220;1_4&#8243; _builder_version=&#8220;4.16&#8243; _module_preset=&#8220;default&#8220; global_colors_info=&#8220;{}&#8220;][dipl_flipbox layout1_flip_style=&#8220;left&#8220; layout1_3d_depth=&#8220;off&#8220; layout1_shake_effect=&#8220;on&#8220; flip_speed=&#8220;1000ms&#8220; front_title=&#8220;OASIS BUS&#8220; front_background_color=&#8220;#00accc&#8220; back_background_color=&#8220;#ffffff&#8220; flipbox_min_height=&#8220;600px&#8220; front_content_align=&#8220;top&#8220; front_background_image=&#8220;https:\/\/oasiswildlifefuerteventura.com\/wp-content\/uploads\/2021\/01\/xbus_01-1.jpg&#8220; _builder_version=&#8220;4.20.4&#8243; _module_preset=&#8220;default&#8220; front_general_settings_text_align=&#8220;center&#8220; front_header_text_color=&#8220;#faf6ed&#8220; hover_enabled=&#8220;0&#8243; border_radii_front_box=&#8220;on|50px|50px|50px|50px&#8220; border_radii_back_box=&#8220;on|50px|50px|50px|50px&#8220; global_colors_info=&#8220;{}&#8220; sticky_enabled=&#8220;0&#8243;]<\/p>\n<p>In unserem Bestreben, unseren CO2-Fu\u00dfabdruck zu verringern und die Klimakrise einzud\u00e4mmen, empfehlen wir Ihnen, unsere Busse von den wichtigsten Touristenorten der Insel aus zu benutzen. Nehmen Sie unsere Busse, ohne dass Sie einen Sitzplatz reservieren oder eine Fahrkarte im Voraus kaufen m\u00fcssen.<\/p>\n<p><a href=\"https:\/\/oasiswildlifefuerteventura.com\/sites\/default\/files\/free-bus-oasis.pdf\" target=\"_blank\" rel=\"noopener\" class=\"boton_azul\">ZEITPL\u00c4NE SEHEN<\/a> <\/p>\n<p>[\/dipl_flipbox][\/et_pb_column][et_pb_column type=&#8220;1_4&#8243; _builder_version=&#8220;4.16&#8243; _module_preset=&#8220;default&#8220; global_colors_info=&#8220;{}&#8220;][dipl_flipbox layout1_flip_style=&#8220;left&#8220; layout1_3d_depth=&#8220;off&#8220; layout1_shake_effect=&#8220;on&#8220; flip_speed=&#8220;1000ms&#8220; front_title=&#8220;COCHE ODER MOTORRAD&#8220; front_background_color=&#8220;#00accc&#8220; back_background_color=&#8220;#ffffff&#8220; flipbox_min_height=&#8220;600px&#8220; front_content_align=&#8220;top&#8220; front_background_image=&#8220;https:\/\/oasiswildlifefuerteventura.com\/wp-content\/uploads\/2021\/01\/xcoche-1.jpg&#8220; _builder_version=&#8220;4.16&#8243; _module_preset=&#8220;default&#8220; front_general_settings_text_align=&#8220;center&#8220; front_header_text_color=&#8220;#faf6ed&#8220; border_radii_front_box=&#8220;on|50px|50px|50px|50px&#8220; border_radii_back_box=&#8220;on|50px|50px|50px|50px&#8220; global_colors_info=&#8220;{}&#8220;]Wenn Sie mit Ihrem Auto oder Motorrad kommen m\u00f6chten, steht Ihnen ein kostenloser Parkplatz zur Verf\u00fcgung.[\/dipl_flipbox][\/et_pb_column][et_pb_column type=&#8220;1_4&#8243; _builder_version=&#8220;4.16&#8243; _module_preset=&#8220;default&#8220; global_colors_info=&#8220;{}&#8220;][dipl_flipbox layout1_flip_style=&#8220;left&#8220; layout1_3d_depth=&#8220;off&#8220; layout1_shake_effect=&#8220;on&#8220; flip_speed=&#8220;1000ms&#8220; front_title=&#8220;BIKE&#8220; front_background_color=&#8220;#00accc&#8220; back_background_color=&#8220;#ffffff&#8220; flipbox_min_height=&#8220;600px&#8220; front_content_align=&#8220;top&#8220; front_background_image=&#8220;https:\/\/oasiswildlifefuerteventura.com\/wp-content\/uploads\/2021\/01\/xbici3-1.jpg&#8220; _builder_version=&#8220;4.16&#8243; _module_preset=&#8220;default&#8220; front_general_settings_text_align=&#8220;center&#8220; front_header_text_color=&#8220;#faf6ed&#8220; border_radii_front_box=&#8220;on|50px|50px|50px|50px&#8220; border_radii_back_box=&#8220;on|50px|50px|50px|50px&#8220; global_colors_info=&#8220;{}&#8220;]Wenn Sie ein Liebhaber von Zweir\u00e4dern sind, haben wir einen speziellen, kostenlosen und \u00fcberwachten Fahrradabstellplatz am Eingang des Zoos. Ein ideales \u00f6kologisches Verkehrsmittel, um diese Oase zu erreichen, mit dem Sie dazu beitragen, das Aussterben und den Klimawandel aufzuhalten. Danke![\/dipl_flipbox][\/et_pb_column][et_pb_column type=&#8220;1_4&#8243; _builder_version=&#8220;4.16&#8243; _module_preset=&#8220;default&#8220; global_colors_info=&#8220;{}&#8220;][dipl_flipbox layout1_flip_style=&#8220;left&#8220; layout1_3d_depth=&#8220;off&#8220; layout1_shake_effect=&#8220;on&#8220; flip_speed=&#8220;1000ms&#8220; front_title=&#8220;\u00d6FFENTLICHE VERKEHRSMITTEL&#8220; front_background_color=&#8220;#00accc&#8220; back_background_color=&#8220;#ffffff&#8220; flipbox_min_height=&#8220;600px&#8220; front_content_align=&#8220;top&#8220; front_background_image=&#8220;https:\/\/oasiswildlifefuerteventura.com\/wp-content\/uploads\/2021\/01\/xtransporte-1.jpg&#8220; _builder_version=&#8220;4.16&#8243; _module_preset=&#8220;default&#8220; front_general_settings_text_align=&#8220;center&#8220; front_header_text_color=&#8220;#faf6ed&#8220; link_option_url_new_window=&#8220;on&#8220; border_radii_front_box=&#8220;on|50px|50px|50px|50px&#8220; border_radii_back_box=&#8220;on|50px|50px|50px|50px&#8220; global_colors_info=&#8220;{}&#8220;]Sie k\u00f6nnen das \u00f6ffentliche Verkehrsnetz (Linien 01, 09, 10 und 25) oder den Taxiservice der Insel nutzen, um unser Zentrum zu erreichen.<\/p>\n<p><a href=\"https:\/\/tiadhe.com\/todas-las-rutas\/\" target=\"_blank\" rel=\"noopener\"><\/p>\n<p class=\"boton_azul\">SIEHE FAHRPL\u00c4NE UND HALTESTELLEN<\/p>\n<p><\/a>[\/dipl_flipbox][\/et_pb_column][\/et_pb_row][\/et_pb_section][et_pb_section fb_built=&#8220;1&#8243; prev_background_color=&#8220;#faf6ed&#8220; _builder_version=&#8220;4.16&#8243; _module_preset=&#8220;default&#8220; background_color=&#8220;#ffffff&#8220; top_divider_style=&#8220;wave&#8220; top_divider_height=&#8220;30px&#8220; bottom_divider_style=&#8220;wave&#8220; bottom_divider_color=&#8220;#faf6ed&#8220; bottom_divider_height=&#8220;20px&#8220; global_colors_info=&#8220;{}&#8220;][et_pb_row column_structure=&#8220;1_3,2_3&#8243; _builder_version=&#8220;4.16&#8243; _module_preset=&#8220;default&#8220; global_colors_info=&#8220;{}&#8220;][et_pb_column type=&#8220;1_3&#8243; _builder_version=&#8220;4.16&#8243; _module_preset=&#8220;default&#8220; global_colors_info=&#8220;{}&#8220;][et_pb_text _builder_version=&#8220;4.16&#8243; _module_preset=&#8220;default&#8220; header_3_font=&#8220;Mikado Bold||||||||&#8220; header_3_text_color=&#8220;#004450&#8243; header_3_font_size=&#8220;34px&#8220; global_colors_info=&#8220;{}&#8220;]<\/p>\n<h3>Wir sind im S\u00fcden von Fuerteventura<\/h3>\n<p>Carr. Gral. Jand\u00eda s\/n,<br \/> 35267, La Lajita, Las Palmas<\/p>\n<p>[\/et_pb_text][\/et_pb_column][et_pb_column type=&#8220;2_3&#8243; _builder_version=&#8220;4.16&#8243; _module_preset=&#8220;default&#8220; global_colors_info=&#8220;{}&#8220;][et_pb_code _builder_version=&#8220;4.16&#8243; _module_preset=&#8220;default&#8220; global_colors_info=&#8220;{}&#8220;]<iframe src=\"https:\/\/www.google.com\/maps\/embed?pb=!1m14!1m8!1m3!1d56267.6840266207!2d-14.161341!3d28.185118!3m2!1i1024!2i768!4f13.1!3m3!1m2!1s0xc47bcffffffffff%3A0xafc8d9babf08f9e3!2sOasis%20Wildlife%20Fuerteventura!5e0!3m2!1ses!2ses!4v1612111973910!5m2!1ses!2ses\" width=\"100%\" height=\"400\" frameborder=\"0\" style=\"border:0;\" allowfullscreen=\"\" aria-hidden=\"false\" tabindex=\"0\"><\/iframe>[\/et_pb_code][\/et_pb_column][\/et_pb_row][\/et_pb_section]<\/p>\n","protected":false},"excerpt":{"rendered":"<p>Wie hinkommen<div class=\"et_pb_module dipl_flipbox dipl_flipbox_0\">\n\t\t\t\t\n\t\t\t\t\n\t\t\t\t\n\t\t\t\t\n\t\t\t\t\n\t\t\t\t\n\t\t\t\t<div class=\"et_pb_module_inner\">\n\t\t\t\t\t<div class=\"dipl_flipbox_wrapper layout1\" flip-direction=\"left\">\n\t\t\t\t\t\t<div class=\"flipbox_side flipbox_front flipbox_position_top flipbox_content_top\">\n\t\t\t\t\t\t\t<div class=\"flipbox_inner\"><div class=\"flipbox_front_content_wrapper\"><div class=\"et_pb_flipbox_heading\"><h4 class=\"et_pb_module_header\">OASIS BUS<\/h4><\/div><\/div>\n\t\t\t\t\t\t\t<\/div>\n\t\t\t\t\t\t<\/div>\n\t\t\t\t\t\t<div class=\"flipbox_side flipbox_back flipbox_position_top flipbox_content_center\">\n\t\t\t\t\t\t\t<div class=\"flipbox_inner\"><div class=\"flipbox_back_content_wrapper\"><\/div>\n\t\t\t\t\t\t\t<\/div>\n\t\t\t\t\t\t<\/div>\n\t\t\t\t\t<\/div>\n\t\t\t\t<\/div>\n\t\t\t<\/div>In unserem Bestreben, unseren CO2-Fu\u00dfabdruck zu verringern und die Klimakrise einzud\u00e4mmen, empfehlen wir Ihnen, unsere Busse von den wichtigsten Touristenorten der Insel aus zu benutzen. Nehmen Sie unsere Busse, ohne dass Sie einen Sitzplatz [&hellip;]<\/p>\n","protected":false},"author":1,"featured_media":0,"parent":0,"menu_order":0,"comment_status":"closed","ping_status":"closed","template":"","meta":{"_et_pb_use_builder":"on","_et_pb_old_content":"","_et_gb_content_width":"","inline_featured_image":false},"yoast_head":"<!-- This site is optimized with the Yoast SEO plugin v20.7 - https:\/\/yoast.com\/wordpress\/plugins\/seo\/ -->\n<title>Wie hinkommen - Oasis Wildlife Fuerteventura<\/title>\n<meta name=\"robots\" content=\"index, follow, max-snippet:-1, max-image-preview:large, max-video-preview:-1\" \/>\n<link rel=\"canonical\" href=\"https:\/\/oasiswildlifefuerteventura.com\/de\/wie-hinkommen\/\" \/>\n<meta property=\"og:locale\" content=\"de_DE\" \/>\n<meta property=\"og:type\" content=\"article\" \/>\n<meta property=\"og:title\" content=\"Wie hinkommen - Oasis Wildlife Fuerteventura\" \/>\n<meta property=\"og:url\" content=\"https:\/\/oasiswildlifefuerteventura.com\/de\/wie-hinkommen\/\" \/>\n<meta property=\"og:site_name\" content=\"Oasis Wildlife Fuerteventura\" \/>\n<meta property=\"article:modified_time\" content=\"2024-01-20T11:32:29+00:00\" \/>\n<meta name=\"twitter:card\" content=\"summary_large_image\" \/>\n<meta name=\"twitter:label1\" content=\"Gesch\u00e4tzte Lesezeit\" \/>\n\t<meta name=\"twitter:data1\" content=\"5\u00a0Minuten\" \/>\n<script type=\"application\/ld+json\" class=\"yoast-schema-graph\">{\"@context\":\"https:\/\/schema.org\",\"@graph\":[{\"@type\":\"WebPage\",\"@id\":\"https:\/\/oasiswildlifefuerteventura.com\/de\/wie-hinkommen\/\",\"url\":\"https:\/\/oasiswildlifefuerteventura.com\/de\/wie-hinkommen\/\",\"name\":\"Wie hinkommen - Oasis Wildlife Fuerteventura\",\"isPartOf\":{\"@id\":\"https:\/\/oasiswildlifefuerteventura.com\/de\/#website\"},\"datePublished\":\"2021-02-01T17:21:29+00:00\",\"dateModified\":\"2024-01-20T11:32:29+00:00\",\"breadcrumb\":{\"@id\":\"https:\/\/oasiswildlifefuerteventura.com\/de\/wie-hinkommen\/#breadcrumb\"},\"inLanguage\":\"de\",\"potentialAction\":[{\"@type\":\"ReadAction\",\"target\":[\"https:\/\/oasiswildlifefuerteventura.com\/de\/wie-hinkommen\/\"]}]},{\"@type\":\"BreadcrumbList\",\"@id\":\"https:\/\/oasiswildlifefuerteventura.com\/de\/wie-hinkommen\/#breadcrumb\",\"itemListElement\":[{\"@type\":\"ListItem\",\"position\":1,\"name\":\"Home\",\"item\":\"https:\/\/oasiswildlifefuerteventura.com\/de\/\"},{\"@type\":\"ListItem\",\"position\":2,\"name\":\"Wie hinkommen\"}]},{\"@type\":\"WebSite\",\"@id\":\"https:\/\/oasiswildlifefuerteventura.com\/de\/#website\",\"url\":\"https:\/\/oasiswildlifefuerteventura.com\/de\/\",\"name\":\"Oasis Wildlife Fuerteventura\",\"description\":\"Bienvenido a la naturaleza\",\"potentialAction\":[{\"@type\":\"SearchAction\",\"target\":{\"@type\":\"EntryPoint\",\"urlTemplate\":\"https:\/\/oasiswildlifefuerteventura.com\/de\/?s={search_term_string}\"},\"query-input\":\"required name=search_term_string\"}],\"inLanguage\":\"de\"}]}<\/script>\n<!-- \/ Yoast SEO plugin. -->","yoast_head_json":{"title":"Wie hinkommen - Oasis Wildlife Fuerteventura","robots":{"index":"index","follow":"follow","max-snippet":"max-snippet:-1","max-image-preview":"max-image-preview:large","max-video-preview":"max-video-preview:-1"},"canonical":"https:\/\/oasiswildlifefuerteventura.com\/de\/wie-hinkommen\/","og_locale":"de_DE","og_type":"article","og_title":"Wie hinkommen - Oasis Wildlife Fuerteventura","og_url":"https:\/\/oasiswildlifefuerteventura.com\/de\/wie-hinkommen\/","og_site_name":"Oasis Wildlife Fuerteventura","article_modified_time":"2024-01-20T11:32:29+00:00","twitter_card":"summary_large_image","twitter_misc":{"Gesch\u00e4tzte Lesezeit":"5\u00a0Minuten"},"schema":{"@context":"https:\/\/schema.org","@graph":[{"@type":"WebPage","@id":"https:\/\/oasiswildlifefuerteventura.com\/de\/wie-hinkommen\/","url":"https:\/\/oasiswildlifefuerteventura.com\/de\/wie-hinkommen\/","name":"Wie hinkommen - Oasis Wildlife Fuerteventura","isPartOf":{"@id":"https:\/\/oasiswildlifefuerteventura.com\/de\/#website"},"datePublished":"2021-02-01T17:21:29+00:00","dateModified":"2024-01-20T11:32:29+00:00","breadcrumb":{"@id":"https:\/\/oasiswildlifefuerteventura.com\/de\/wie-hinkommen\/#breadcrumb"},"inLanguage":"de","potentialAction":[{"@type":"ReadAction","target":["https:\/\/oasiswildlifefuerteventura.com\/de\/wie-hinkommen\/"]}]},{"@type":"BreadcrumbList","@id":"https:\/\/oasiswildlifefuerteventura.com\/de\/wie-hinkommen\/#breadcrumb","itemListElement":[{"@type":"ListItem","position":1,"name":"Home","item":"https:\/\/oasiswildlifefuerteventura.com\/de\/"},{"@type":"ListItem","position":2,"name":"Wie hinkommen"}]},{"@type":"WebSite","@id":"https:\/\/oasiswildlifefuerteventura.com\/de\/#website","url":"https:\/\/oasiswildlifefuerteventura.com\/de\/","name":"Oasis Wildlife Fuerteventura","description":"Bienvenido a la naturaleza","potentialAction":[{"@type":"SearchAction","target":{"@type":"EntryPoint","urlTemplate":"https:\/\/oasiswildlifefuerteventura.com\/de\/?s={search_term_string}"},"query-input":"required name=search_term_string"}],"inLanguage":"de"}]}},"_links":{"self":[{"href":"https:\/\/oasiswildlifefuerteventura.com\/de\/wp-json\/wp\/v2\/pages\/1342"}],"collection":[{"href":"https:\/\/oasiswildlifefuerteventura.com\/de\/wp-json\/wp\/v2\/pages"}],"about":[{"href":"https:\/\/oasiswildlifefuerteventura.com\/de\/wp-json\/wp\/v2\/types\/page"}],"author":[{"embeddable":true,"href":"https:\/\/oasiswildlifefuerteventura.com\/de\/wp-json\/wp\/v2\/users\/1"}],"replies":[{"embeddable":true,"href":"https:\/\/oasiswildlifefuerteventura.com\/de\/wp-json\/wp\/v2\/comments?post=1342"}],"version-history":[{"count":9,"href":"https:\/\/oasiswildlifefuerteventura.com\/de\/wp-json\/wp\/v2\/pages\/1342\/revisions"}],"predecessor-version":[{"id":50395,"href":"https:\/\/oasiswildlifefuerteventura.com\/de\/wp-json\/wp\/v2\/pages\/1342\/revisions\/50395"}],"wp:attachment":[{"href":"https:\/\/oasiswildlifefuerteventura.com\/de\/wp-json\/wp\/v2\/media?parent=1342"}],"curies":[{"name":"wp","href":"https:\/\/api.w.org\/{rel}","templated":true}]}}